{"id":1811,"date":"2026-02-19T16:34:19","date_gmt":"2026-02-19T16:34:19","guid":{"rendered":"https:\/\/lafodi.com\/?page_id=1811"},"modified":"2026-03-25T15:37:32","modified_gmt":"2026-03-25T15:37:32","slug":"adatkezelesi-tajekoztato","status":"publish","type":"page","link":"https:\/\/lafodi.com\/en\/adatkezelesi-tajekoztato\/","title":{"rendered":"Privacy Policy"},"content":{"rendered":"<p><\/p>\n\n\n\n<h2 class=\"wp-block-heading\">1. Data controller's data<\/h2>\n\n\n\n<p>The data controller is:<\/p>\n\n\n\n<p><strong>Tam\u00e1s Fodor sole proprietor<\/strong><br>Address: C. Alcarria 1., 03191 Mil Palmeras, Alicante, Spain<br>Tax number : Z2573221D<br>Phone number: +34 623 626 022<br>Email Address:\ninfo@lafodi.com<\/p>\n\n\n\n<p>The services presented on the website are <strong>La Fodi<\/strong> are offered under the brand name.<\/p>\n\n\n\n<hr class=\"wp-block-separator has-alpha-channel-opacity\"\/>\n\n\n\n<h2 class=\"wp-block-heading\">2. Scope of personal data processed<\/h2>\n\n\n\n<p>We may process the following data through the website:<\/p>\n\n\n\n<p>- name<br>- e-mail address<br>- telephone number<br>- the content of the message<br>- IP address<br>- technical data (browsing data, cookies)<\/p>\n\n\n\n<hr class=\"wp-block-separator has-alpha-channel-opacity\"\/>\n\n\n\n<h2 class=\"wp-block-heading\">3. Purpose of data processing<\/h2>\n\n\n\n<p>Purpose of the processing:<\/p>\n\n\n\n<p>- ensuring contact<br>- answering queries<br>- information on property offers<br>- sending newsletters (subject to separate consent)<br>- Management of enquiries via meta (Facebook\/Instagram) ads<\/p>\n\n\n\n<hr class=\"wp-block-separator has-alpha-channel-opacity\"\/>\n\n\n\n<h2 class=\"wp-block-heading\">4. Legal basis for processing<\/h2>\n\n\n\n<p>The legal basis for the processing is the voluntary consent of the data subject, which is given by sending the form or by ticking the appropriate box.<\/p>\n\n\n\n<p>Consent may be withdrawn at any time.<\/p>\n\n\n\n<hr class=\"wp-block-separator has-alpha-channel-opacity\"\/>\n\n\n\n<h2 class=\"wp-block-heading\">5. Subscribe to the newsletter<\/h2>\n\n\n\n<p>The sending of newsletters is subject to specific consent.<\/p>\n\n\n\n<p>As a data processor for sending the newsletter, the <strong>MailerLite UAB<\/strong> (based in Lithuania, European Union).<\/p>\n\n\n\n<p>A double opt-in system will be used when subscribing.<\/p>\n\n\n\n<p>Unsubscribe from the newsletter is provided at the bottom of each letter.<\/p>\n\n\n\n<hr class=\"wp-block-separator has-alpha-channel-opacity\"\/>\n\n\n\n<h2 class=\"wp-block-heading\">6. Data transmission<\/h2>\n\n\n\n<p>If the enquiry concerns a real estate brokerage service, we may transfer the data concerned to our partner:<\/p>\n\n\n\n<p><strong>Molino Villas Costa Blanca SL<\/strong><br>Location: Av. Rey Jaime I, 17, 03730 X\u00e0bia, Alicante, Spain<\/p>\n\n\n\n<p>The legal basis for the transfer is the consent of the data subject.<\/p>\n\n\n\n<p>The partner acts as an independent data controller on the basis of its own privacy policy.<\/p>\n\n\n\n<hr class=\"wp-block-separator has-alpha-channel-opacity\"\/>\n\n\n\n<h2 class=\"wp-block-heading\">7. Duration of data storage<\/h2>\n\n\n\n<p>Personal data will be kept for a maximum of 2 years after the end of the contact, unless otherwise provided by law or the data subject requests deletion earlier.<\/p>\n\n\n\n<p>In case of a newsletter, the data will be kept until unsubscription.<\/p>\n\n\n\n<hr class=\"wp-block-separator has-alpha-channel-opacity\"\/>\n\n\n\n<h2 class=\"wp-block-heading\">8. Rights of data subjects<\/h2>\n\n\n\n<p>The person concerned is entitled to:<\/p>\n\n\n\n<p>- request information about the processing of your personal data<br>- request access to your data<br>- request the correction of your data<br>- request the deletion of your data<br>- request restriction of processing<br>- object to data processing<\/p>\n\n\n\n<p>You can submit your request through the contact details of the controller.<\/p>\n\n\n\n<hr class=\"wp-block-separator has-alpha-channel-opacity\" style=\"margin-top:0;margin-bottom:0\"\/>\n\n\n\n<h2 class=\"wp-block-heading\">9. Data security<\/h2>\n\n\n\n<p>The controller shall implement appropriate technical and organisational measures to protect personal data.<\/p>\n\n\n\n<h2 class=\"wp-block-heading\">10. Processing of data during Meta (Facebook \/ Instagram) advertising<\/h2>\n\n\n\n<div class=\"wp-block-group is-content-justification-left is-nowrap is-layout-flex wp-container-core-group-is-layout-fc9f69e7 wp-block-group-is-layout-flex\">\n<p>La Fodi also uses the advertising systems of Meta Platforms Ireland Ltd (Facebook and Instagram) to collect enquiries.<br>If the data subject fills in a form through an advertisement on Meta, the following data may be processed:<br>- name<br>- e-mail address<br>- telephone number<br>- other information provided during the enquiry (e.g. property preferences, purchase intentions)<br><br>The data is collected through Meta's systems and then transmitted to the data controller for the purpose of contacting and offering.<br><br>Purpose of the processing:<br>- contact us<br>- providing personalised property offers<br>- providing consultation<br><br>The legal basis for the processing is the voluntary consent of the data subject, which is given by sending the form.<br>Meta Platforms Ireland Ltd operates as a separate data controller within its own systems. Their privacy policy is available here:<br><strong><em><a href=\"https:\/\/www.facebook.com\/privacy\/policy\ufffd\" target=\"_blank\" rel=\"noopener\">https:\/\/www.facebook.com\/privacy\/policy\ufffd<\/a><\/em><\/strong><br><br>The controller will treat the data received as confidential and will use it only for the purposes set out in this notice.<\/p>\n<\/div>\n\n\n\n<hr class=\"wp-block-separator has-alpha-channel-opacity\"\/>","protected":false},"excerpt":{"rendered":"<p>1. Az adatkezel\u0151 adatai Az adatkezel\u0151: Fodor Tam\u00e1s egy\u00e9ni v\u00e1llalkoz\u00f3Sz\u00e9khely: C. Alcarria 1., 03191 Mil Palmeras, Alicante, Spanyolorsz\u00e1gAd\u00f3sz\u00e1m : Z2573221DTelefonsz\u00e1m: +34 623 626 022E-mail c\u00edm: info@lafodi.com A weboldalon bemutatott szolg\u00e1ltat\u00e1sok a La Fodi m\u00e1rkan\u00e9v alatt ker\u00fclnek ny\u00fajt\u00e1sra. 2. A kezelt szem\u00e9lyes adatok k\u00f6re A weboldalon kereszt\u00fcl az al\u00e1bbi adatokat kezelhetj\u00fck: \u2013 n\u00e9v\u2013 e-mail c\u00edm\u2013 telefonsz\u00e1m\u2013 [&hellip;]<\/p>\n","protected":false},"author":1,"featured_media":0,"parent":0,"menu_order":0,"comment_status":"closed","ping_status":"closed","template":"","meta":{"site-sidebar-layout":"default","site-content-layout":"","ast-site-content-layout":"default","site-content-style":"default","site-sidebar-style":"default","ast-global-header-display":"","ast-banner-title-visibility":"","ast-main-header-display":"","ast-hfb-above-header-display":"","ast-hfb-below-header-display":"","ast-hfb-mobile-header-display":"","site-post-title":"","ast-breadcrumbs-content":"","ast-featured-img":"","footer-sml-layout":"","ast-disable-related-posts":"","theme-transparent-header-meta":"","adv-header-id-meta":"","stick-header-meta":"","header-above-stick-meta":"","header-main-stick-meta":"","header-below-stick-meta":"","astra-migrate-meta-layouts":"set","ast-page-background-enabled":"default","ast-page-background-meta":{"desktop":{"background-color":"","background-image":"","background-repeat":"repeat","background-position":"center center","background-size":"auto","background-attachment":"scroll","background-type":"","background-media":"","overlay-type":"","overlay-color":"","overlay-opacity":"","overlay-gradient":""},"tablet":{"background-color":"","background-image":"","background-repeat":"repeat","background-position":"center center","background-size":"auto","background-attachment":"scroll","background-type":"","background-media":"","overlay-type":"","overlay-color":"","overlay-opacity":"","overlay-gradient":""},"mobile":{"background-color":"","background-image":"","background-repeat":"repeat","background-position":"center center","background-size":"auto","background-attachment":"scroll","background-type":"","background-media":"","overlay-type":"","overlay-color":"","overlay-opacity":"","overlay-gradient":""}},"ast-content-background-meta":{"desktop":{"background-color":"var(--ast-global-color-5)","background-image":"","background-repeat":"repeat","background-position":"center center","background-size":"auto","background-attachment":"scroll","background-type":"","background-media":"","overlay-type":"","overlay-color":"","overlay-opacity":"","overlay-gradient":""},"tablet":{"background-color":"var(--ast-global-color-5)","background-image":"","background-repeat":"repeat","background-position":"center center","background-size":"auto","background-attachment":"scroll","background-type":"","background-media":"","overlay-type":"","overlay-color":"","overlay-opacity":"","overlay-gradient":""},"mobile":{"background-color":"var(--ast-global-color-5)","background-image":"","background-repeat":"repeat","background-position":"center center","background-size":"auto","background-attachment":"scroll","background-type":"","background-media":"","overlay-type":"","overlay-color":"","overlay-opacity":"","overlay-gradient":""}},"footnotes":""},"class_list":["post-1811","page","type-page","status-publish","hentry"],"_links":{"self":[{"href":"https:\/\/lafodi.com\/en\/wp-json\/wp\/v2\/pages\/1811","targetHints":{"allow":["GET"]}}],"collection":[{"href":"https:\/\/lafodi.com\/en\/wp-json\/wp\/v2\/pages"}],"about":[{"href":"https:\/\/lafodi.com\/en\/wp-json\/wp\/v2\/types\/page"}],"author":[{"embeddable":true,"href":"https:\/\/lafodi.com\/en\/wp-json\/wp\/v2\/users\/1"}],"replies":[{"embeddable":true,"href":"https:\/\/lafodi.com\/en\/wp-json\/wp\/v2\/comments?post=1811"}],"version-history":[{"count":5,"href":"https:\/\/lafodi.com\/en\/wp-json\/wp\/v2\/pages\/1811\/revisions"}],"predecessor-version":[{"id":2225,"href":"https:\/\/lafodi.com\/en\/wp-json\/wp\/v2\/pages\/1811\/revisions\/2225"}],"wp:attachment":[{"href":"https:\/\/lafodi.com\/en\/wp-json\/wp\/v2\/media?parent=1811"}],"curies":[{"name":"wp","href":"https:\/\/api.w.org\/{rel}","templated":true}]}}