{"id":3405,"date":"2026-03-30T13:36:00","date_gmt":"2026-03-30T13:36:00","guid":{"rendered":"https:\/\/lafodi.com\/?page_id=3405"},"modified":"2026-03-30T14:57:17","modified_gmt":"2026-03-30T14:57:17","slug":"blog","status":"publish","type":"page","link":"https:\/\/lafodi.com\/es\/blog\/","title":{"rendered":"Blog"},"content":{"rendered":"<div data-elementor-type=\"wp-page\" data-elementor-id=\"3405\" class=\"elementor elementor-3405\" data-elementor-post-type=\"page\">\n\t\t\t\t<div class=\"elementor-element elementor-element-2d8d9f63 e-flex e-con-boxed e-con e-parent\" data-id=\"2d8d9f63\" data-element_type=\"container\" data-e-type=\"container\" data-settings=\"{&quot;background_background&quot;:&quot;classic&quot;}\">\n\t\t\t\t\t<div class=\"e-con-inner\">\n\t\t<div class=\"elementor-element elementor-element-71c405fb e-con-full e-flex e-con e-child\" data-id=\"71c405fb\" data-element_type=\"container\" data-e-type=\"container\">\n\t\t\t\t<div class=\"elementor-element elementor-element-38acb41d elementor-widget elementor-widget-hfe-infocard\" data-id=\"38acb41d\" data-element_type=\"widget\" data-e-type=\"widget\" data-widget_type=\"hfe-infocard.default\">\n\t\t\t\t<div class=\"elementor-widget-container\">\n\t\t\t\t\t\n\t\t<div class=\"hfe-infocard\">\n\t\t\t\t\t\t\t\t\t<div class=\"hfe-infocard-title-wrap\">\n\t\t\t\t<h1 class=\"hfe-infocard-title elementor-inline-editing\" data-elementor-setting-key=\"infocard_title\" data-elementor-inline-editing-toolbar=\"basic\" >Blog<\/h1>\t\t\t<\/div>\n\t\t\t\t\t\t<div class=\"hfe-infocard-text-wrap\">\n\t\t\t\t<div class=\"hfe-infocard-text elementor-inline-editing\" data-elementor-setting-key=\"infocard_description\" data-elementor-inline-editing-toolbar=\"advanced\">\n\t\t\t\t\t\t\t\t\t<\/div>\n\t\t\t\t\t\t\t<\/div>\n\t\t<\/div>\n\n\t\t\t\t\t\t<\/div>\n\t\t\t\t<\/div>\n\t\t\t\t<\/div>\n\t\t\t\t\t<\/div>\n\t\t\t\t<\/div>\n\t\t<div class=\"elementor-element elementor-element-10eb241 e-flex e-con-boxed e-con e-parent\" data-id=\"10eb241\" data-element_type=\"container\" data-e-type=\"container\">\n\t\t\t\t\t<div class=\"e-con-inner\">\n\t\t\t\t<div class=\"elementor-element elementor-element-80dd9d8 elementor-grid-tablet-1 elementor-grid-3 elementor-grid-mobile-1 elementor-posts--thumbnail-top elementor-card-shadow-yes elementor-posts__hover-gradient elementor-widget elementor-widget-posts\" data-id=\"80dd9d8\" data-element_type=\"widget\" data-e-type=\"widget\" data-settings=\"{&quot;cards_columns_tablet&quot;:&quot;1&quot;,&quot;pagination_type&quot;:&quot;numbers&quot;,&quot;cards_columns&quot;:&quot;3&quot;,&quot;cards_columns_mobile&quot;:&quot;1&quot;,&quot;cards_row_gap&quot;:{&quot;unit&quot;:&quot;px&quot;,&quot;size&quot;:35,&quot;sizes&quot;:[]},&quot;cards_row_gap_tablet&quot;:{&quot;unit&quot;:&quot;px&quot;,&quot;size&quot;:&quot;&quot;,&quot;sizes&quot;:[]},&quot;cards_row_gap_mobile&quot;:{&quot;unit&quot;:&quot;px&quot;,&quot;size&quot;:&quot;&quot;,&quot;sizes&quot;:[]}}\" data-widget_type=\"posts.cards\">\n\t\t\t\t<div class=\"elementor-widget-container\">\n\t\t\t\t\t\t\t<div class=\"elementor-posts-container elementor-posts elementor-posts--skin-cards elementor-grid\" role=\"list\">\n\t\t\t\t<article class=\"elementor-post elementor-grid-item post-3521 post type-post status-publish format-standard has-post-thumbnail hentry category-blog\" role=\"listitem\">\n\t\t\t<div class=\"elementor-post__card\">\n\t\t\t\t<a class=\"elementor-post__thumbnail__link\" href=\"https:\/\/lafodi.com\/es\/spanyolorszagi-ingatlan-vasarlas-menete-lepesrol-lepesre-2026\/\" tabindex=\"-1\" ><div class=\"elementor-post__thumbnail\"><img fetchpriority=\"high\" decoding=\"async\" width=\"1024\" height=\"683\" src=\"https:\/\/lafodi.com\/wp-content\/uploads\/2026\/03\/Copia-de-01042025-2I4A7271-HDR-1024x683.jpg\" class=\"attachment-large size-large wp-image-2297\" alt=\"\" srcset=\"https:\/\/lafodi.com\/wp-content\/uploads\/2026\/03\/Copia-de-01042025-2I4A7271-HDR-1024x683.jpg 1024w, https:\/\/lafodi.com\/wp-content\/uploads\/2026\/03\/Copia-de-01042025-2I4A7271-HDR-300x200.jpg 300w, https:\/\/lafodi.com\/wp-content\/uploads\/2026\/03\/Copia-de-01042025-2I4A7271-HDR-768x512.jpg 768w, https:\/\/lafodi.com\/wp-content\/uploads\/2026\/03\/Copia-de-01042025-2I4A7271-HDR-1536x1024.jpg 1536w, https:\/\/lafodi.com\/wp-content\/uploads\/2026\/03\/Copia-de-01042025-2I4A7271-HDR-2048x1365.jpg 2048w, https:\/\/lafodi.com\/wp-content\/uploads\/2026\/03\/Copia-de-01042025-2I4A7271-HDR-18x12.jpg 18w\" sizes=\"(max-width: 1024px) 100vw, 1024px\" \/><\/div><\/a>\n\t\t\t\t<div class=\"elementor-post__text\">\n\t\t\t\t<h3 class=\"elementor-post__title\">\n\t\t\t<a href=\"https:\/\/lafodi.com\/es\/spanyolorszagi-ingatlan-vasarlas-menete-lepesrol-lepesre-2026\/\" >\n\t\t\t\tC\u00f3mo comprar una propiedad en Espa\u00f1a paso a paso (2026)\t\t\t<\/a>\n\t\t<\/h3>\n\t\t\t\t<div class=\"elementor-post__excerpt\">\n\t\t\t<p>Comprar una vivienda en Espa\u00f1a es un proceso bien estructurado y seguro, si se hace correctamente. En este art\u00edculo, le mostraremos paso a paso c\u00f3mo comprar, en qu\u00e9 fijarse...<\/p>\n\t\t<\/div>\n\t\t\n\t\t<a class=\"elementor-post__read-more\" href=\"https:\/\/lafodi.com\/es\/spanyolorszagi-ingatlan-vasarlas-menete-lepesrol-lepesre-2026\/\" aria-label=\"Read more about Spanyolorsz\u00e1gi ingatlan v\u00e1s\u00e1rl\u00e1s menete l\u00e9p\u00e9sr\u0151l l\u00e9p\u00e9sre (2026)\" tabindex=\"-1\" >\n\t\t\tSeguir leyendo\t\t<\/a>\n\n\t\t\t\t<\/div>\n\t\t\t\t<div class=\"elementor-post__meta-data\">\n\t\t\t\t\t<span class=\"elementor-post-date\">\n\t\t\t2026.03.31.\t\t<\/span>\n\t\t\t\t<\/div>\n\t\t\t\t\t<\/div>\n\t\t<\/article>\n\t\t\t\t<article class=\"elementor-post elementor-grid-item post-3482 post type-post status-publish format-standard has-post-thumbnail hentry category-blog\" role=\"listitem\">\n\t\t\t<div class=\"elementor-post__card\">\n\t\t\t\t<a class=\"elementor-post__thumbnail__link\" href=\"https:\/\/lafodi.com\/es\/milyen-koltsegei-vannak-egy-ingatlan-fenntartasanak-spanyolorszagban-2026\/\" tabindex=\"-1\" ><div class=\"elementor-post__thumbnail\"><img decoding=\"async\" width=\"1024\" height=\"683\" src=\"https:\/\/lafodi.com\/wp-content\/uploads\/2026\/03\/koltsegek-1024x683.png\" class=\"attachment-large size-large wp-image-3483\" alt=\"\" srcset=\"https:\/\/lafodi.com\/wp-content\/uploads\/2026\/03\/koltsegek-1024x683.png 1024w, https:\/\/lafodi.com\/wp-content\/uploads\/2026\/03\/koltsegek-300x200.png 300w, https:\/\/lafodi.com\/wp-content\/uploads\/2026\/03\/koltsegek-768x512.png 768w, https:\/\/lafodi.com\/wp-content\/uploads\/2026\/03\/koltsegek-1536x1025.png 1536w, https:\/\/lafodi.com\/wp-content\/uploads\/2026\/03\/koltsegek-2048x1366.png 2048w, https:\/\/lafodi.com\/wp-content\/uploads\/2026\/03\/koltsegek-18x12.png 18w\" sizes=\"(max-width: 1024px) 100vw, 1024px\" \/><\/div><\/a>\n\t\t\t\t<div class=\"elementor-post__text\">\n\t\t\t\t<h3 class=\"elementor-post__title\">\n\t\t\t<a href=\"https:\/\/lafodi.com\/es\/milyen-koltsegei-vannak-egy-ingatlan-fenntartasanak-spanyolorszagban-2026\/\" >\n\t\t\t\tCu\u00e1nto cuesta mantener una vivienda en Espa\u00f1a (2026)\t\t\t<\/a>\n\t\t<\/h3>\n\t\t\t\t<div class=\"elementor-post__excerpt\">\n\t\t\t<p>Mucha gente calcula los costes de compra pero subestima los de mantenimiento. A largo plazo, \u00e9stos determinan el valor de una propiedad. \u00bfCu\u00e1les son los gastos habituales?<\/p>\n\t\t<\/div>\n\t\t\n\t\t<a class=\"elementor-post__read-more\" href=\"https:\/\/lafodi.com\/es\/milyen-koltsegei-vannak-egy-ingatlan-fenntartasanak-spanyolorszagban-2026\/\" aria-label=\"Read more about Milyen k\u00f6lts\u00e9gei vannak egy ingatlan fenntart\u00e1s\u00e1nak Spanyolorsz\u00e1gban? (2026)\" tabindex=\"-1\" >\n\t\t\tSeguir leyendo\t\t<\/a>\n\n\t\t\t\t<\/div>\n\t\t\t\t<div class=\"elementor-post__meta-data\">\n\t\t\t\t\t<span class=\"elementor-post-date\">\n\t\t\t2026.03.30.\t\t<\/span>\n\t\t\t\t<\/div>\n\t\t\t\t\t<\/div>\n\t\t<\/article>\n\t\t\t\t<article class=\"elementor-post elementor-grid-item post-3479 post type-post status-publish format-standard has-post-thumbnail hentry category-blog\" role=\"listitem\">\n\t\t\t<div class=\"elementor-post__card\">\n\t\t\t\t<a class=\"elementor-post__thumbnail__link\" href=\"https:\/\/lafodi.com\/es\/hogyan-zajlik-a-fizetes-es-az-atvaltas-ingatlanvasarlaskor-spanyolorszagban-2026\/\" tabindex=\"-1\" ><div class=\"elementor-post__thumbnail\"><img decoding=\"async\" width=\"1024\" height=\"683\" src=\"https:\/\/lafodi.com\/wp-content\/uploads\/2026\/03\/penzvaltas-1024x683.png\" class=\"attachment-large size-large wp-image-3480\" alt=\"\" srcset=\"https:\/\/lafodi.com\/wp-content\/uploads\/2026\/03\/penzvaltas-1024x683.png 1024w, https:\/\/lafodi.com\/wp-content\/uploads\/2026\/03\/penzvaltas-300x200.png 300w, https:\/\/lafodi.com\/wp-content\/uploads\/2026\/03\/penzvaltas-768x512.png 768w, https:\/\/lafodi.com\/wp-content\/uploads\/2026\/03\/penzvaltas-1536x1025.png 1536w, https:\/\/lafodi.com\/wp-content\/uploads\/2026\/03\/penzvaltas-2048x1366.png 2048w, https:\/\/lafodi.com\/wp-content\/uploads\/2026\/03\/penzvaltas-18x12.png 18w\" sizes=\"(max-width: 1024px) 100vw, 1024px\" \/><\/div><\/a>\n\t\t\t\t<div class=\"elementor-post__text\">\n\t\t\t\t<h3 class=\"elementor-post__title\">\n\t\t\t<a href=\"https:\/\/lafodi.com\/es\/hogyan-zajlik-a-fizetes-es-az-atvaltas-ingatlanvasarlaskor-spanyolorszagban-2026\/\" >\n\t\t\t\tC\u00f3mo pagar y canjear al comprar una propiedad en Espa\u00f1a (2026)\t\t\t<\/a>\n\t\t<\/h3>\n\t\t\t\t<div class=\"elementor-post__excerpt\">\n\t\t\t<p>Una de las cuestiones m\u00e1s importantes a la hora de comprar una propiedad en Espa\u00f1a es el m\u00e9todo y la seguridad del pago. A muchas personas les preocupa c\u00f3mo se transfiere el dinero en un pa\u00eds extranjero. La realidad<\/p>\n\t\t<\/div>\n\t\t\n\t\t<a class=\"elementor-post__read-more\" href=\"https:\/\/lafodi.com\/es\/hogyan-zajlik-a-fizetes-es-az-atvaltas-ingatlanvasarlaskor-spanyolorszagban-2026\/\" aria-label=\"Read more about Hogyan zajlik a fizet\u00e9s \u00e9s az \u00e1tv\u00e1lt\u00e1s ingatlanv\u00e1s\u00e1rl\u00e1skor Spanyolorsz\u00e1gban? (2026)\" tabindex=\"-1\" >\n\t\t\tSeguir leyendo\t\t<\/a>\n\n\t\t\t\t<\/div>\n\t\t\t\t<div class=\"elementor-post__meta-data\">\n\t\t\t\t\t<span class=\"elementor-post-date\">\n\t\t\t2026.03.30.\t\t<\/span>\n\t\t\t\t<\/div>\n\t\t\t\t\t<\/div>\n\t\t<\/article>\n\t\t\t\t<article class=\"elementor-post elementor-grid-item post-3476 post type-post status-publish format-standard has-post-thumbnail hentry category-blog\" role=\"listitem\">\n\t\t\t<div class=\"elementor-post__card\">\n\t\t\t\t<a class=\"elementor-post__thumbnail__link\" href=\"https:\/\/lafodi.com\/es\/milyen-az-egeszsegugy-spanyolorszagban-amit-tudnod-kell-2026-ban\/\" tabindex=\"-1\" ><div class=\"elementor-post__thumbnail\"><img loading=\"lazy\" decoding=\"async\" width=\"1024\" height=\"683\" src=\"https:\/\/lafodi.com\/wp-content\/uploads\/2026\/03\/egeszsegugy-1024x683.png\" class=\"attachment-large size-large wp-image-3477\" alt=\"\" srcset=\"https:\/\/lafodi.com\/wp-content\/uploads\/2026\/03\/egeszsegugy-1024x683.png 1024w, https:\/\/lafodi.com\/wp-content\/uploads\/2026\/03\/egeszsegugy-300x200.png 300w, https:\/\/lafodi.com\/wp-content\/uploads\/2026\/03\/egeszsegugy-768x512.png 768w, https:\/\/lafodi.com\/wp-content\/uploads\/2026\/03\/egeszsegugy-1536x1025.png 1536w, https:\/\/lafodi.com\/wp-content\/uploads\/2026\/03\/egeszsegugy-2048x1366.png 2048w, https:\/\/lafodi.com\/wp-content\/uploads\/2026\/03\/egeszsegugy-18x12.png 18w\" sizes=\"(max-width: 1024px) 100vw, 1024px\" \/><\/div><\/a>\n\t\t\t\t<div class=\"elementor-post__text\">\n\t\t\t\t<h3 class=\"elementor-post__title\">\n\t\t\t<a href=\"https:\/\/lafodi.com\/es\/milyen-az-egeszsegugy-spanyolorszagban-amit-tudnod-kell-2026-ban\/\" >\n\t\t\t\t\u00bfC\u00f3mo es la sanidad en Espa\u00f1a? Lo que hay que saber en 2026\t\t\t<\/a>\n\t\t<\/h3>\n\t\t\t\t<div class=\"elementor-post__excerpt\">\n\t\t\t<p>Si se va a trasladar a Espa\u00f1a o va a quedarse durante un periodo prolongado, una de las preguntas m\u00e1s importantes que debe hacerse es: \u00bfc\u00f3mo es la asistencia sanitaria? La respuesta corta es: funciona bien, pero es importante entender c\u00f3mo...<\/p>\n\t\t<\/div>\n\t\t\n\t\t<a class=\"elementor-post__read-more\" href=\"https:\/\/lafodi.com\/es\/milyen-az-egeszsegugy-spanyolorszagban-amit-tudnod-kell-2026-ban\/\" aria-label=\"Read more about Milyen az eg\u00e9szs\u00e9g\u00fcgy Spanyolorsz\u00e1gban? Amit tudnod kell 2026-ban\" tabindex=\"-1\" >\n\t\t\tSeguir leyendo\t\t<\/a>\n\n\t\t\t\t<\/div>\n\t\t\t\t<div class=\"elementor-post__meta-data\">\n\t\t\t\t\t<span class=\"elementor-post-date\">\n\t\t\t2026.03.30.\t\t<\/span>\n\t\t\t\t<\/div>\n\t\t\t\t\t<\/div>\n\t\t<\/article>\n\t\t\t\t<article class=\"elementor-post elementor-grid-item post-3473 post type-post status-publish format-standard has-post-thumbnail hentry category-blog\" role=\"listitem\">\n\t\t\t<div class=\"elementor-post__card\">\n\t\t\t\t<a class=\"elementor-post__thumbnail__link\" href=\"https:\/\/lafodi.com\/es\/lehet-munkat-talalni-spanyolorszagban-amit-tudnod-kell-2026-ban\/\" tabindex=\"-1\" ><div class=\"elementor-post__thumbnail\"><img loading=\"lazy\" decoding=\"async\" width=\"1024\" height=\"683\" src=\"https:\/\/lafodi.com\/wp-content\/uploads\/2026\/03\/munka-1024x683.png\" class=\"attachment-large size-large wp-image-3474\" alt=\"\" srcset=\"https:\/\/lafodi.com\/wp-content\/uploads\/2026\/03\/munka-1024x683.png 1024w, https:\/\/lafodi.com\/wp-content\/uploads\/2026\/03\/munka-300x200.png 300w, https:\/\/lafodi.com\/wp-content\/uploads\/2026\/03\/munka-768x512.png 768w, https:\/\/lafodi.com\/wp-content\/uploads\/2026\/03\/munka-1536x1025.png 1536w, https:\/\/lafodi.com\/wp-content\/uploads\/2026\/03\/munka-2048x1366.png 2048w, https:\/\/lafodi.com\/wp-content\/uploads\/2026\/03\/munka-18x12.png 18w\" sizes=\"(max-width: 1024px) 100vw, 1024px\" \/><\/div><\/a>\n\t\t\t\t<div class=\"elementor-post__text\">\n\t\t\t\t<h3 class=\"elementor-post__title\">\n\t\t\t<a href=\"https:\/\/lafodi.com\/es\/lehet-munkat-talalni-spanyolorszagban-amit-tudnod-kell-2026-ban\/\" >\n\t\t\t\t\u00bfSe puede encontrar trabajo en Espa\u00f1a? Lo que hay que saber en 2026\t\t\t<\/a>\n\t\t<\/h3>\n\t\t\t\t<div class=\"elementor-post__excerpt\">\n\t\t\t<p>Mucha gente no s\u00f3lo quiere pasar las vacaciones o invertir en Espa\u00f1a, sino que quiere vivir aqu\u00ed a largo plazo. Una de las preguntas m\u00e1s frecuentes es: \u00bfes posible encontrar trabajo en Espa\u00f1a? La respuesta:<\/p>\n\t\t<\/div>\n\t\t\n\t\t<a class=\"elementor-post__read-more\" href=\"https:\/\/lafodi.com\/es\/lehet-munkat-talalni-spanyolorszagban-amit-tudnod-kell-2026-ban\/\" aria-label=\"Read more about Lehet munk\u00e1t tal\u00e1lni Spanyolorsz\u00e1gban? Amit tudnod kell 2026-ban\" tabindex=\"-1\" >\n\t\t\tSeguir leyendo\t\t<\/a>\n\n\t\t\t\t<\/div>\n\t\t\t\t<div class=\"elementor-post__meta-data\">\n\t\t\t\t\t<span class=\"elementor-post-date\">\n\t\t\t2026.03.30.\t\t<\/span>\n\t\t\t\t<\/div>\n\t\t\t\t\t<\/div>\n\t\t<\/article>\n\t\t\t\t<article class=\"elementor-post elementor-grid-item post-3470 post type-post status-publish format-standard has-post-thumbnail hentry category-blog\" role=\"listitem\">\n\t\t\t<div class=\"elementor-post__card\">\n\t\t\t\t<a class=\"elementor-post__thumbnail__link\" href=\"https:\/\/lafodi.com\/es\/kell-ugyved-ingatlanvasarlashoz-spanyolorszagban-2026\/\" tabindex=\"-1\" ><div class=\"elementor-post__thumbnail\"><img loading=\"lazy\" decoding=\"async\" width=\"1024\" height=\"683\" src=\"https:\/\/lafodi.com\/wp-content\/uploads\/2026\/03\/ugyved-1024x683.png\" class=\"attachment-large size-large wp-image-3471\" alt=\"\" srcset=\"https:\/\/lafodi.com\/wp-content\/uploads\/2026\/03\/ugyved-1024x683.png 1024w, https:\/\/lafodi.com\/wp-content\/uploads\/2026\/03\/ugyved-300x200.png 300w, https:\/\/lafodi.com\/wp-content\/uploads\/2026\/03\/ugyved-768x512.png 768w, https:\/\/lafodi.com\/wp-content\/uploads\/2026\/03\/ugyved-1536x1025.png 1536w, https:\/\/lafodi.com\/wp-content\/uploads\/2026\/03\/ugyved-2048x1366.png 2048w, https:\/\/lafodi.com\/wp-content\/uploads\/2026\/03\/ugyved-18x12.png 18w\" sizes=\"(max-width: 1024px) 100vw, 1024px\" \/><\/div><\/a>\n\t\t\t\t<div class=\"elementor-post__text\">\n\t\t\t\t<h3 class=\"elementor-post__title\">\n\t\t\t<a href=\"https:\/\/lafodi.com\/es\/kell-ugyved-ingatlanvasarlashoz-spanyolorszagban-2026\/\" >\n\t\t\t\tNecesito un abogado para comprar una propiedad en Espa\u00f1a (2026)\t\t\t<\/a>\n\t\t<\/h3>\n\t\t\t\t<div class=\"elementor-post__excerpt\">\n\t\t\t<p>Mucha gente se hace la pregunta: \u00bfse necesita un abogado al comprar una propiedad en Espa\u00f1a? La respuesta corta es no, pero es muy recomendable. \u00bfPor qu\u00e9 es importante un abogado? La funci\u00f3n del abogado es garantizar que la propiedad est\u00e9 en las mejores condiciones posibles.<\/p>\n\t\t<\/div>\n\t\t\n\t\t<a class=\"elementor-post__read-more\" href=\"https:\/\/lafodi.com\/es\/kell-ugyved-ingatlanvasarlashoz-spanyolorszagban-2026\/\" aria-label=\"Read more about Kell \u00fcgyv\u00e9d ingatlanv\u00e1s\u00e1rl\u00e1shoz Spanyolorsz\u00e1gban? (2026)\" tabindex=\"-1\" >\n\t\t\tSeguir leyendo\t\t<\/a>\n\n\t\t\t\t<\/div>\n\t\t\t\t<div class=\"elementor-post__meta-data\">\n\t\t\t\t\t<span class=\"elementor-post-date\">\n\t\t\t2026.03.30.\t\t<\/span>\n\t\t\t\t<\/div>\n\t\t\t\t\t<\/div>\n\t\t<\/article>\n\t\t\t\t<\/div>\n\t\t\n\t\t\t\t<div class=\"e-load-more-anchor\" data-page=\"1\" data-max-page=\"3\" data-next-page=\"https:\/\/lafodi.com\/es\/wp-json\/wp\/v2\/pages\/3405\/page\/2\/\"><\/div>\n\t\t\t\t<nav class=\"elementor-pagination\" aria-label=\"Pagination\">\n\t\t\t<span aria-current=\"page\" class=\"page-numbers current\"><span class=\"elementor-screen-only\">Page<\/span>1<\/span>\n<a class=\"page-numbers\" href=\"https:\/\/lafodi.com\/es\/wp-json\/wp\/v2\/pages\/3405\/page\/2\/\"><span class=\"elementor-screen-only\">Page<\/span>2<\/a>\n<a class=\"page-numbers\" href=\"https:\/\/lafodi.com\/es\/wp-json\/wp\/v2\/pages\/3405\/page\/3\/\"><span class=\"elementor-screen-only\">Page<\/span>3<\/a>\t\t<\/nav>\n\t\t\t\t\t\t<\/div>\n\t\t\t\t<\/div>\n\t\t\t\t\t<\/div>\n\t\t\t\t<\/div>\n\t\t\t\t<\/div>","protected":false},"excerpt":{"rendered":"<p>Blog<\/p>","protected":false},"author":1,"featured_media":0,"parent":0,"menu_order":0,"comment_status":"closed","ping_status":"closed","template":"","meta":{"site-sidebar-layout":"no-sidebar","site-content-layout":"page-builder","ast-site-content-layout":"full-width-container","site-content-style":"default","site-sidebar-style":"default","ast-global-header-display":"","ast-banner-title-visibility":"","ast-main-header-display":"","ast-hfb-above-header-display":"","ast-hfb-below-header-display":"","ast-hfb-mobile-header-display":"","site-post-title":"disabled","ast-breadcrumbs-content":"","ast-featured-img":"disabled","footer-sml-layout":"","ast-disable-related-posts":"","theme-transparent-header-meta":"","adv-header-id-meta":"","stick-header-meta":"","header-above-stick-meta":"","header-main-stick-meta":"","header-below-stick-meta":"","astra-migrate-meta-layouts":"default","ast-page-background-enabled":"default","ast-page-background-meta":{"desktop":{"background-color":"","background-image":"","background-repeat":"repeat","background-position":"center center","background-size":"auto","background-attachment":"scroll","background-type":"","background-media":"","overlay-type":"","overlay-color":"","overlay-opacity":"","overlay-gradient":""},"tablet":{"background-color":"","background-image":"","background-repeat":"repeat","background-position":"center center","background-size":"auto","background-attachment":"scroll","background-type":"","background-media":"","overlay-type":"","overlay-color":"","overlay-opacity":"","overlay-gradient":""},"mobile":{"background-color":"","background-image":"","background-repeat":"repeat","background-position":"center center","background-size":"auto","background-attachment":"scroll","background-type":"","background-media":"","overlay-type":"","overlay-color":"","overlay-opacity":"","overlay-gradient":""}},"ast-content-background-meta":{"desktop":{"background-color":"var(--ast-global-color-5)","background-image":"","background-repeat":"repeat","background-position":"center center","background-size":"auto","background-attachment":"scroll","background-type":"","background-media":"","overlay-type":"","overlay-color":"","overlay-opacity":"","overlay-gradient":""},"tablet":{"background-color":"var(--ast-global-color-5)","background-image":"","background-repeat":"repeat","background-position":"center center","background-size":"auto","background-attachment":"scroll","background-type":"","background-media":"","overlay-type":"","overlay-color":"","overlay-opacity":"","overlay-gradient":""},"mobile":{"background-color":"var(--ast-global-color-5)","background-image":"","background-repeat":"repeat","background-position":"center center","background-size":"auto","background-attachment":"scroll","background-type":"","background-media":"","overlay-type":"","overlay-color":"","overlay-opacity":"","overlay-gradient":""}},"footnotes":""},"class_list":["post-3405","page","type-page","status-publish","hentry"],"_links":{"self":[{"href":"https:\/\/lafodi.com\/es\/wp-json\/wp\/v2\/pages\/3405","targetHints":{"allow":["GET"]}}],"collection":[{"href":"https:\/\/lafodi.com\/es\/wp-json\/wp\/v2\/pages"}],"about":[{"href":"https:\/\/lafodi.com\/es\/wp-json\/wp\/v2\/types\/page"}],"author":[{"embeddable":true,"href":"https:\/\/lafodi.com\/es\/wp-json\/wp\/v2\/users\/1"}],"replies":[{"embeddable":true,"href":"https:\/\/lafodi.com\/es\/wp-json\/wp\/v2\/comments?post=3405"}],"version-history":[{"count":21,"href":"https:\/\/lafodi.com\/es\/wp-json\/wp\/v2\/pages\/3405\/revisions"}],"predecessor-version":[{"id":3451,"href":"https:\/\/lafodi.com\/es\/wp-json\/wp\/v2\/pages\/3405\/revisions\/3451"}],"wp:attachment":[{"href":"https:\/\/lafodi.com\/es\/wp-json\/wp\/v2\/media?parent=3405"}],"curies":[{"name":"wp","href":"https:\/\/api.w.org\/{rel}","templated":true}]}}